{"id":4725,"date":"2023-12-11T06:08:40","date_gmt":"2023-12-11T06:08:40","guid":{"rendered":"https:\/\/beweging.co.za\/solidariteit\/"},"modified":"2023-12-12T06:11:19","modified_gmt":"2023-12-12T06:11:19","slug":"solidariteit","status":"publish","type":"page","link":"https:\/\/beweging.co.za\/en\/solidariteit\/","title":{"rendered":"Solidariteit"},"content":{"rendered":"\t\t<div data-elementor-type=\"wp-page\" data-elementor-id=\"4725\" class=\"elementor elementor-4725 elementor-4716\" data-elementor-post-type=\"page\">\n\t\t\t\t\t\t<section data-particle_enable=\"false\" data-particle-mobile-disabled=\"false\" class=\"elementor-section elementor-top-section elementor-element elementor-element-ffbc402 elementor-section-boxed elementor-section-height-default elementor-section-height-default\" data-id=\"ffbc402\" data-element_type=\"section\">\n\t\t\t\t\t\t<div class=\"elementor-container elementor-column-gap-default\">\n\t\t\t\t\t<div class=\"elementor-column elementor-col-100 elementor-top-column elementor-element elementor-element-3fe7c51\" data-id=\"3fe7c51\" data-element_type=\"column\">\n\t\t\t<div class=\"elementor-widget-wrap elementor-element-populated\">\n\t\t\t\t\t\t<div class=\"elementor-element elementor-element-7341464 elementor-hidden-mobile elementor-widget elementor-widget-image\" data-id=\"7341464\" data-element_type=\"widget\" data-widget_type=\"image.default\">\n\t\t\t\t<div class=\"elementor-widget-container\">\n\t\t\t\t\t\t\t\t\t\t\t\t\t\t\t<img fetchpriority=\"high\" decoding=\"async\" width=\"1920\" height=\"350\" src=\"https:\/\/beweging.co.za\/wp-content\/uploads\/2023\/12\/Solidariteit.png\" class=\"attachment-full size-full wp-image-4875\" alt=\"\" srcset=\"https:\/\/beweging.co.za\/wp-content\/uploads\/2023\/12\/Solidariteit.png 1920w, https:\/\/beweging.co.za\/wp-content\/uploads\/2023\/12\/Solidariteit-300x55.png 300w, https:\/\/beweging.co.za\/wp-content\/uploads\/2023\/12\/Solidariteit-1024x187.png 1024w, https:\/\/beweging.co.za\/wp-content\/uploads\/2023\/12\/Solidariteit-768x140.png 768w, https:\/\/beweging.co.za\/wp-content\/uploads\/2023\/12\/Solidariteit-1536x280.png 1536w\" sizes=\"(max-width: 1920px) 100vw, 1920px\" \/>\t\t\t\t\t\t\t\t\t\t\t\t\t\t\t<\/div>\n\t\t\t\t<\/div>\n\t\t\t\t\t<\/div>\n\t\t<\/div>\n\t\t\t\t\t<\/div>\n\t\t<\/section>\n\t\t\t\t<section data-particle_enable=\"false\" data-particle-mobile-disabled=\"false\" class=\"elementor-section elementor-top-section elementor-element elementor-element-f29f4d8 elementor-section-boxed elementor-section-height-default elementor-section-height-default\" data-id=\"f29f4d8\" data-element_type=\"section\">\n\t\t\t\t\t\t<div class=\"elementor-container elementor-column-gap-default\">\n\t\t\t\t\t<div class=\"elementor-column elementor-col-100 elementor-top-column elementor-element elementor-element-9e50c64\" data-id=\"9e50c64\" data-element_type=\"column\">\n\t\t\t<div class=\"elementor-widget-wrap elementor-element-populated\">\n\t\t\t\t\t\t<div class=\"elementor-element elementor-element-0ec05d7 elementor-hidden-desktop elementor-hidden-tablet elementor-widget elementor-widget-image\" data-id=\"0ec05d7\" data-element_type=\"widget\" data-widget_type=\"image.default\">\n\t\t\t\t<div class=\"elementor-widget-container\">\n\t\t\t\t\t\t\t\t\t\t\t\t\t\t\t<img decoding=\"async\" width=\"640\" height=\"500\" src=\"https:\/\/beweging.co.za\/wp-content\/uploads\/2023\/12\/Solidariteit-mobile.png\" class=\"attachment-large size-large wp-image-4877\" alt=\"\" srcset=\"https:\/\/beweging.co.za\/wp-content\/uploads\/2023\/12\/Solidariteit-mobile.png 640w, https:\/\/beweging.co.za\/wp-content\/uploads\/2023\/12\/Solidariteit-mobile-300x234.png 300w\" sizes=\"(max-width: 640px) 100vw, 640px\" \/>\t\t\t\t\t\t\t\t\t\t\t\t\t\t\t<\/div>\n\t\t\t\t<\/div>\n\t\t\t\t<div class=\"elementor-element elementor-element-52ff941 elementor-widget elementor-widget-spacer\" data-id=\"52ff941\" data-element_type=\"widget\" data-widget_type=\"spacer.default\">\n\t\t\t\t<div class=\"elementor-widget-container\">\n\t\t\t\t\t\t\t<div class=\"elementor-spacer\">\n\t\t\t<div class=\"elementor-spacer-inner\"><\/div>\n\t\t<\/div>\n\t\t\t\t\t\t<\/div>\n\t\t\t\t<\/div>\n\t\t\t\t<div class=\"elementor-element elementor-element-975808a elementor-widget elementor-widget-heading\" data-id=\"975808a\" data-element_type=\"widget\" data-widget_type=\"heading.default\">\n\t\t\t\t<div class=\"elementor-widget-container\">\n\t\t\t\t\t<h2 class=\"elementor-heading-title elementor-size-default\">Meer oor Solidariteit:<\/h2>\t\t\t\t<\/div>\n\t\t\t\t<\/div>\n\t\t\t\t<div class=\"elementor-element elementor-element-fa255ab elementor-widget elementor-widget-text-editor\" data-id=\"fa255ab\" data-element_type=\"widget\" data-widget_type=\"text-editor.default\">\n\t\t\t\t<div class=\"elementor-widget-container\">\n\t\t\t\t\t\t\t\t\tSolidariteit verseker dat mense \u0149 goeie werk kan h\u00ea, hulle volle potensiaal deur voortgesette leer kan bereik en s\u00f3 roepingsvervulling in hulle loopbaan kan beleef.\t\t\t\t\t\t\t\t<\/div>\n\t\t\t\t<\/div>\n\t\t\t\t<div class=\"elementor-element elementor-element-1054df6 elementor-widget elementor-widget-video\" data-id=\"1054df6\" data-element_type=\"widget\" data-settings=\"{&quot;youtube_url&quot;:&quot;https:\\\/\\\/www.youtube.com\\\/watch?v=TCHSGeKb4kg&quot;,&quot;video_type&quot;:&quot;youtube&quot;,&quot;controls&quot;:&quot;yes&quot;}\" data-widget_type=\"video.default\">\n\t\t\t\t<div class=\"elementor-widget-container\">\n\t\t\t\t\t\t\t<div class=\"elementor-wrapper elementor-open-inline\">\n\t\t\t<div class=\"elementor-video\"><\/div>\t\t<\/div>\n\t\t\t\t\t\t<\/div>\n\t\t\t\t<\/div>\n\t\t\t\t\t<\/div>\n\t\t<\/div>\n\t\t\t\t\t<\/div>\n\t\t<\/section>\n\t\t\t\t<section data-particle_enable=\"false\" data-particle-mobile-disabled=\"false\" class=\"elementor-section elementor-top-section elementor-element elementor-element-4f3c208 elementor-section-boxed elementor-section-height-default elementor-section-height-default\" data-id=\"4f3c208\" data-element_type=\"section\">\n\t\t\t\t\t\t<div class=\"elementor-container elementor-column-gap-default\">\n\t\t\t\t\t<div class=\"elementor-column elementor-col-100 elementor-top-column elementor-element elementor-element-71415d0\" data-id=\"71415d0\" data-element_type=\"column\">\n\t\t\t<div class=\"elementor-widget-wrap elementor-element-populated\">\n\t\t\t\t\t\t<div class=\"elementor-element elementor-element-3c8bb28 elementor-widget elementor-widget-spacer\" data-id=\"3c8bb28\" data-element_type=\"widget\" data-widget_type=\"spacer.default\">\n\t\t\t\t<div class=\"elementor-widget-container\">\n\t\t\t\t\t\t\t<div class=\"elementor-spacer\">\n\t\t\t<div class=\"elementor-spacer-inner\"><\/div>\n\t\t<\/div>\n\t\t\t\t\t\t<\/div>\n\t\t\t\t<\/div>\n\t\t\t\t<div class=\"elementor-element elementor-element-55e2c37 elementor-widget elementor-widget-heading\" data-id=\"55e2c37\" data-element_type=\"widget\" data-widget_type=\"heading.default\">\n\t\t\t\t<div class=\"elementor-widget-container\">\n\t\t\t\t\t<h2 class=\"elementor-heading-title elementor-size-default\">Van Solidariteit se grootste projekte sluit in:<\/h2>\t\t\t\t<\/div>\n\t\t\t\t<\/div>\n\t\t\t\t<div class=\"elementor-element elementor-element-7f37307 elementor-widget elementor-widget-text-editor\" data-id=\"7f37307\" data-element_type=\"widget\" data-widget_type=\"text-editor.default\">\n\t\t\t\t<div class=\"elementor-widget-container\">\n\t\t\t\t\t\t\t\t\t<h3><strong>CERD en die Internasionale Arbeidsorganisasie <\/strong><\/h3><p>Suid-Afrika gaan reeds jare lank gebuk onder die regering se rassewette, en Solidariteit veg al sedert 2016 met groot sukses op internasionale vlak teen die Suid-Afrikaanse regering se rasmalheid.<\/p><p>Tot op hede het ons die volgende oorwinnings teen rassewette behaal:<\/p><ul><li>In 2017 het die VN se Komitee vir die Uitskakeling van Rassediskriminasie (CERD) formeel kritiek op Suid-Afrika se stelsel van rasseklassifikasie uitgespreek.<\/li><li>Die Suid-Afrikaanse Menseregtekommissie (SAMRK) bevind in 2018 dat die Wet op Gelyke Indiensneming gewysig moet word weens onregmatige regstellendeaksie-wetgewing. Dit volg nadat Solidariteit hulle in 2017 gevra het om wette oor swart ekonomiese bemagtiging en regstellende aksie formeel te ondersoek.<\/li><li>Suid-Afrika se rassebeleid word tans amptelik deur die Verenigde Nasies (VN) se arbeidsagentskap ondersoek n\u00e1 afloop van die formele klag teen die regering se rassebeleid wat ons in 2021 by die VN ingedien het .<\/li><li>Solidariteit het verhoed dat die nuwe wysigings aan die Wet op Gelyke Indiensneming in 2023 in werking tree. Solidariteit en die Suid-Afrikaanse regering het \u0149 ooreenkoms oor die land se rassebeleid gesluit. Ingevolge di\u00e9 ooreenkoms mag ras ni\u00e9 meer die enigste faktor wees by die toepassing van rassebeleide nie.<\/li><li>Di\u00e9 ooreenkoms tussen Solidariteit en die regering wat rassebeleide van maatskappye ingrypend verander, is op 31 Oktober 2023 in die arbeidshof in Johannesburg \u2019n bevel van die hof gemaak.<\/li><\/ul><p>Dit is histories dat \u2019n internasionale liggaam gehelp het om \u2019n skikking oor ras te fasiliteer. Alhoewel hierdie ooreenkoms die landskap van rassebeleide in die land totaal gaan verander en \u2019n belangrike slagveld is, is die oorlog teen die regering se rasse-ideologie nog nie verby nie.<\/p><p>Solidariteit verskyn op 29 November 2023 voor die Verenigde Nasies (VN) om te eis dat die Suid-Afrikaanse regering \u2019n besliste einddatum moet gee waarop sy beleid van rastellende aksie, asook alle gepaardgaande rassewette, verstryk.<\/p><p>Hierdie verskerpte VN-veldtog het ten doel om \u2019n einde te maak aan die regering se beheptheid met rassewetgewing wat strydig is met die Internasionale Konvensie vir die Uitskakeling van Alle Vorme van Rassediskriminasie (ICERD).<\/p><h3>Solidariteit Boufonds<\/h3><p>Die Boufonds is tot stand gebring omdat Solidariteit glo dat kennis die beste manier is om sy lede in die nuwe, onsekere ekonomie te beskerm. Die Boufonds het ten doel om na die behoefte van sy mense en die toekoms om te sien deur kennisinstellings te bou. Solidariteit het die onsekerhede in ons land raakgesien en besluit om iets positiefs daaraan te doen met jou hulp. Lees meer: \u00a0<a href=\"https:\/\/solidariteit.co.za\/bou-instellings\">https:\/\/solidariteit.co.za\/bou-instellings<\/a><\/p><h3>Solidariteit Regsfonds<\/h3><p>Die Solidariteit Regsfonds is tot stand gebring omdat Solidariteit ten doel het om ons mense se regte te beskerm en om Solidariteit se hofsake teen die regering en ander instellings soos Sasol, PPC en ArcelorMittal te befonds. Hierdie fonds is dus daarop toegespits om die regering en staatsinstellings vas te vat. Die Regsfonds het dit reeds vir Solidariteit moontlik gemaak om in sake van regstellende aksie, rassisme, korrupsie en die wanbesteding van belastinggeld te se\u00ebvier. Lees meer: <a href=\"https:\/\/solidariteit.co.za\/beskerm-jou-gemeenskap\">https:\/\/solidariteit.co.za\/beskerm-jou-gemeenskap<\/a><\/p><p>\u00a0<\/p>\t\t\t\t\t\t\t\t<\/div>\n\t\t\t\t<\/div>\n\t\t\t\t\t<\/div>\n\t\t<\/div>\n\t\t\t\t\t<\/div>\n\t\t<\/section>\n\t\t\t\t<section data-particle_enable=\"false\" data-particle-mobile-disabled=\"false\" class=\"elementor-section elementor-top-section elementor-element elementor-element-7988da7 elementor-section-boxed elementor-section-height-default elementor-section-height-default\" data-id=\"7988da7\" data-element_type=\"section\">\n\t\t\t\t\t\t<div class=\"elementor-container elementor-column-gap-default\">\n\t\t\t\t\t<div class=\"elementor-column elementor-col-100 elementor-top-column elementor-element elementor-element-f867af5\" data-id=\"f867af5\" data-element_type=\"column\">\n\t\t\t<div class=\"elementor-widget-wrap elementor-element-populated\">\n\t\t\t\t\t\t<section data-particle_enable=\"false\" data-particle-mobile-disabled=\"false\" class=\"elementor-section elementor-inner-section elementor-element elementor-element-0f4c8f4 elementor-section-boxed elementor-section-height-default elementor-section-height-default\" data-id=\"0f4c8f4\" data-element_type=\"section\">\n\t\t\t\t\t\t<div class=\"elementor-container elementor-column-gap-default\">\n\t\t\t\t\t<div class=\"elementor-column elementor-col-33 elementor-inner-column elementor-element elementor-element-7d948ad\" data-id=\"7d948ad\" data-element_type=\"column\">\n\t\t\t<div class=\"elementor-widget-wrap\">\n\t\t\t\t\t\t\t<\/div>\n\t\t<\/div>\n\t\t\t\t<div class=\"elementor-column elementor-col-33 elementor-inner-column elementor-element elementor-element-ae54f09\" data-id=\"ae54f09\" data-element_type=\"column\">\n\t\t\t<div class=\"elementor-widget-wrap elementor-element-populated\">\n\t\t\t\t\t\t<div class=\"elementor-element elementor-element-052fda4 elementor-align-center elementor-widget elementor-widget-button\" data-id=\"052fda4\" data-element_type=\"widget\" data-widget_type=\"button.default\">\n\t\t\t\t<div class=\"elementor-widget-container\">\n\t\t\t\t\t\t\t\t\t<div class=\"elementor-button-wrapper\">\n\t\t\t\t\t<a class=\"elementor-button elementor-button-link elementor-size-sm\" href=\"https:\/\/solidariteit.co.za\/\" target=\"_blank\">\n\t\t\t\t\t\t<span class=\"elementor-button-content-wrapper\">\n\t\t\t\t\t\t\t\t\t<span class=\"elementor-button-text\">Vir meer inligting besoek gerus Solidariteit<\/span>\n\t\t\t\t\t<\/span>\n\t\t\t\t\t<\/a>\n\t\t\t\t<\/div>\n\t\t\t\t\t\t\t\t<\/div>\n\t\t\t\t<\/div>\n\t\t\t\t\t<\/div>\n\t\t<\/div>\n\t\t\t\t<div class=\"elementor-column elementor-col-33 elementor-inner-column elementor-element elementor-element-bb23659\" data-id=\"bb23659\" data-element_type=\"column\">\n\t\t\t<div class=\"elementor-widget-wrap\">\n\t\t\t\t\t\t\t<\/div>\n\t\t<\/div>\n\t\t\t\t\t<\/div>\n\t\t<\/section>\n\t\t\t\t\t<\/div>\n\t\t<\/div>\n\t\t\t\t\t<\/div>\n\t\t<\/section>\n\t\t\t\t<\/div>\n\t\t","protected":false},"excerpt":{"rendered":"<p>Meer oor Solidariteit: Solidariteit verseker dat mense \u0149 goeie werk kan h\u00ea, hulle volle potensiaal deur voortgesette leer kan bereik en s\u00f3 roepingsvervulling in hulle loopbaan kan beleef.https:\/\/www.youtube.com\/watch?v=TCHSGeKb4kg Van Solidariteit se grootste projekte sluit in: CERD en die Internasionale Arbeidsorganisasie Suid-Afrika gaan reeds jare lank gebuk onder die regering se rassewette, en Solidariteit veg al [&hellip;]<\/p>\n","protected":false},"author":6,"featured_media":0,"parent":0,"menu_order":0,"comment_status":"closed","ping_status":"closed","template":"elementor_header_footer","meta":{"_monsterinsights_skip_tracking":false,"_monsterinsights_sitenote_active":false,"_monsterinsights_sitenote_note":"","_monsterinsights_sitenote_category":0,"footnotes":""},"class_list":["post-4725","page","type-page","status-publish","hentry"],"yoast_head":"<!-- This site is optimized with the Yoast SEO plugin v26.8 - https:\/\/yoast.com\/product\/yoast-seo-wordpress\/ -->\n<title>Solidariteit - Solidariteit Beweging<\/title>\n<meta name=\"robots\" content=\"index, follow, max-snippet:-1, max-image-preview:large, max-video-preview:-1\" \/>\n<link rel=\"canonical\" href=\"https:\/\/beweging.co.za\/solidariteit\/\" \/>\n<meta property=\"og:locale\" content=\"en_US\" \/>\n<meta property=\"og:type\" content=\"article\" \/>\n<meta property=\"og:title\" content=\"Solidariteit - Solidariteit Beweging\" \/>\n<meta property=\"og:description\" content=\"Meer oor Solidariteit: Solidariteit verseker dat mense \u0149 goeie werk kan h\u00ea, hulle volle potensiaal deur voortgesette leer kan bereik en s\u00f3 roepingsvervulling in hulle loopbaan kan beleef.https:\/\/www.youtube.com\/watch?v=TCHSGeKb4kg Van Solidariteit se grootste projekte sluit in: CERD en die Internasionale Arbeidsorganisasie Suid-Afrika gaan reeds jare lank gebuk onder die regering se rassewette, en Solidariteit veg al [&hellip;]\" \/>\n<meta property=\"og:url\" content=\"https:\/\/beweging.co.za\/solidariteit\/\" \/>\n<meta property=\"og:site_name\" content=\"Solidariteit Beweging\" \/>\n<meta property=\"article:modified_time\" content=\"2023-12-12T06:11:19+00:00\" \/>\n<meta property=\"og:image\" content=\"https:\/\/beweging.co.za\/wp-content\/uploads\/2023\/12\/Solidariteit.png\" \/>\n<meta name=\"twitter:card\" content=\"summary_large_image\" \/>\n<meta name=\"twitter:label1\" content=\"Est. reading time\" \/>\n\t<meta name=\"twitter:data1\" content=\"4 minutes\" \/>\n<script type=\"application\/ld+json\" class=\"yoast-schema-graph\">{\"@context\":\"https:\/\/schema.org\",\"@graph\":[{\"@type\":\"WebPage\",\"@id\":\"https:\/\/beweging.co.za\/solidariteit\/\",\"url\":\"https:\/\/beweging.co.za\/solidariteit\/\",\"name\":\"Solidariteit - Solidariteit Beweging\",\"isPartOf\":{\"@id\":\"https:\/\/beweging.co.za\/#website\"},\"primaryImageOfPage\":{\"@id\":\"https:\/\/beweging.co.za\/solidariteit\/#primaryimage\"},\"image\":{\"@id\":\"https:\/\/beweging.co.za\/solidariteit\/#primaryimage\"},\"thumbnailUrl\":\"https:\/\/beweging.co.za\/wp-content\/uploads\/2023\/12\/Solidariteit.png\",\"datePublished\":\"2023-12-11T06:08:40+00:00\",\"dateModified\":\"2023-12-12T06:11:19+00:00\",\"breadcrumb\":{\"@id\":\"https:\/\/beweging.co.za\/solidariteit\/#breadcrumb\"},\"inLanguage\":\"en-US\",\"potentialAction\":[{\"@type\":\"ReadAction\",\"target\":[\"https:\/\/beweging.co.za\/solidariteit\/\"]}]},{\"@type\":\"ImageObject\",\"inLanguage\":\"en-US\",\"@id\":\"https:\/\/beweging.co.za\/solidariteit\/#primaryimage\",\"url\":\"https:\/\/beweging.co.za\/wp-content\/uploads\/2023\/12\/Solidariteit.png\",\"contentUrl\":\"https:\/\/beweging.co.za\/wp-content\/uploads\/2023\/12\/Solidariteit.png\"},{\"@type\":\"BreadcrumbList\",\"@id\":\"https:\/\/beweging.co.za\/solidariteit\/#breadcrumb\",\"itemListElement\":[{\"@type\":\"ListItem\",\"position\":1,\"name\":\"Home\",\"item\":\"https:\/\/beweging.co.za\/en\/\"},{\"@type\":\"ListItem\",\"position\":2,\"name\":\"Solidariteit\"}]},{\"@type\":\"WebSite\",\"@id\":\"https:\/\/beweging.co.za\/#website\",\"url\":\"https:\/\/beweging.co.za\/\",\"name\":\"Solidariteit Beweging\",\"description\":\"\",\"potentialAction\":[{\"@type\":\"SearchAction\",\"target\":{\"@type\":\"EntryPoint\",\"urlTemplate\":\"https:\/\/beweging.co.za\/?s={search_term_string}\"},\"query-input\":{\"@type\":\"PropertyValueSpecification\",\"valueRequired\":true,\"valueName\":\"search_term_string\"}}],\"inLanguage\":\"en-US\"}]}<\/script>\n<!-- \/ Yoast SEO plugin. -->","yoast_head_json":{"title":"Solidariteit - Solidariteit Beweging","robots":{"index":"index","follow":"follow","max-snippet":"max-snippet:-1","max-image-preview":"max-image-preview:large","max-video-preview":"max-video-preview:-1"},"canonical":"https:\/\/beweging.co.za\/solidariteit\/","og_locale":"en_US","og_type":"article","og_title":"Solidariteit - Solidariteit Beweging","og_description":"Meer oor Solidariteit: Solidariteit verseker dat mense \u0149 goeie werk kan h\u00ea, hulle volle potensiaal deur voortgesette leer kan bereik en s\u00f3 roepingsvervulling in hulle loopbaan kan beleef.https:\/\/www.youtube.com\/watch?v=TCHSGeKb4kg Van Solidariteit se grootste projekte sluit in: CERD en die Internasionale Arbeidsorganisasie Suid-Afrika gaan reeds jare lank gebuk onder die regering se rassewette, en Solidariteit veg al [&hellip;]","og_url":"https:\/\/beweging.co.za\/solidariteit\/","og_site_name":"Solidariteit Beweging","article_modified_time":"2023-12-12T06:11:19+00:00","og_image":[{"url":"https:\/\/beweging.co.za\/wp-content\/uploads\/2023\/12\/Solidariteit.png","type":"","width":"","height":""}],"twitter_card":"summary_large_image","twitter_misc":{"Est. reading time":"4 minutes"},"schema":{"@context":"https:\/\/schema.org","@graph":[{"@type":"WebPage","@id":"https:\/\/beweging.co.za\/solidariteit\/","url":"https:\/\/beweging.co.za\/solidariteit\/","name":"Solidariteit - Solidariteit Beweging","isPartOf":{"@id":"https:\/\/beweging.co.za\/#website"},"primaryImageOfPage":{"@id":"https:\/\/beweging.co.za\/solidariteit\/#primaryimage"},"image":{"@id":"https:\/\/beweging.co.za\/solidariteit\/#primaryimage"},"thumbnailUrl":"https:\/\/beweging.co.za\/wp-content\/uploads\/2023\/12\/Solidariteit.png","datePublished":"2023-12-11T06:08:40+00:00","dateModified":"2023-12-12T06:11:19+00:00","breadcrumb":{"@id":"https:\/\/beweging.co.za\/solidariteit\/#breadcrumb"},"inLanguage":"en-US","potentialAction":[{"@type":"ReadAction","target":["https:\/\/beweging.co.za\/solidariteit\/"]}]},{"@type":"ImageObject","inLanguage":"en-US","@id":"https:\/\/beweging.co.za\/solidariteit\/#primaryimage","url":"https:\/\/beweging.co.za\/wp-content\/uploads\/2023\/12\/Solidariteit.png","contentUrl":"https:\/\/beweging.co.za\/wp-content\/uploads\/2023\/12\/Solidariteit.png"},{"@type":"BreadcrumbList","@id":"https:\/\/beweging.co.za\/solidariteit\/#breadcrumb","itemListElement":[{"@type":"ListItem","position":1,"name":"Home","item":"https:\/\/beweging.co.za\/en\/"},{"@type":"ListItem","position":2,"name":"Solidariteit"}]},{"@type":"WebSite","@id":"https:\/\/beweging.co.za\/#website","url":"https:\/\/beweging.co.za\/","name":"Solidariteit Beweging","description":"","potentialAction":[{"@type":"SearchAction","target":{"@type":"EntryPoint","urlTemplate":"https:\/\/beweging.co.za\/?s={search_term_string}"},"query-input":{"@type":"PropertyValueSpecification","valueRequired":true,"valueName":"search_term_string"}}],"inLanguage":"en-US"}]}},"_links":{"self":[{"href":"https:\/\/beweging.co.za\/en\/wp-json\/wp\/v2\/pages\/4725","targetHints":{"allow":["GET"]}}],"collection":[{"href":"https:\/\/beweging.co.za\/en\/wp-json\/wp\/v2\/pages"}],"about":[{"href":"https:\/\/beweging.co.za\/en\/wp-json\/wp\/v2\/types\/page"}],"author":[{"embeddable":true,"href":"https:\/\/beweging.co.za\/en\/wp-json\/wp\/v2\/users\/6"}],"replies":[{"embeddable":true,"href":"https:\/\/beweging.co.za\/en\/wp-json\/wp\/v2\/comments?post=4725"}],"version-history":[{"count":12,"href":"https:\/\/beweging.co.za\/en\/wp-json\/wp\/v2\/pages\/4725\/revisions"}],"predecessor-version":[{"id":4884,"href":"https:\/\/beweging.co.za\/en\/wp-json\/wp\/v2\/pages\/4725\/revisions\/4884"}],"wp:attachment":[{"href":"https:\/\/beweging.co.za\/en\/wp-json\/wp\/v2\/media?parent=4725"}],"curies":[{"name":"wp","href":"https:\/\/api.w.org\/{rel}","templated":true}]}}