{"id":4608,"date":"2023-12-08T10:01:12","date_gmt":"2023-12-08T10:01:12","guid":{"rendered":"https:\/\/beweging.co.za\/afriforum\/"},"modified":"2023-12-11T05:17:09","modified_gmt":"2023-12-11T05:17:09","slug":"afriforum","status":"publish","type":"page","link":"https:\/\/beweging.co.za\/en\/afriforum\/","title":{"rendered":"AfriForum"},"content":{"rendered":"\t\t<div data-elementor-type=\"wp-page\" data-elementor-id=\"4608\" class=\"elementor elementor-4608 elementor-4556\" data-elementor-post-type=\"page\">\n\t\t\t\t\t\t<section data-particle_enable=\"false\" data-particle-mobile-disabled=\"false\" class=\"elementor-section elementor-top-section elementor-element elementor-element-ffbc402 elementor-section-boxed elementor-section-height-default elementor-section-height-default\" data-id=\"ffbc402\" data-element_type=\"section\">\n\t\t\t\t\t\t<div class=\"elementor-container elementor-column-gap-default\">\n\t\t\t\t\t<div class=\"elementor-column elementor-col-100 elementor-top-column elementor-element elementor-element-3fe7c51\" data-id=\"3fe7c51\" data-element_type=\"column\">\n\t\t\t<div class=\"elementor-widget-wrap elementor-element-populated\">\n\t\t\t\t\t\t<div class=\"elementor-element elementor-element-7341464 elementor-hidden-mobile elementor-widget elementor-widget-image\" data-id=\"7341464\" data-element_type=\"widget\" data-widget_type=\"image.default\">\n\t\t\t\t<div class=\"elementor-widget-container\">\n\t\t\t\t\t\t\t\t\t\t\t\t\t\t\t<img fetchpriority=\"high\" decoding=\"async\" width=\"1920\" height=\"350\" src=\"https:\/\/beweging.co.za\/wp-content\/uploads\/2023\/12\/Afriforum.png\" class=\"attachment-full size-full wp-image-4544\" alt=\"\" srcset=\"https:\/\/beweging.co.za\/wp-content\/uploads\/2023\/12\/Afriforum.png 1920w, https:\/\/beweging.co.za\/wp-content\/uploads\/2023\/12\/Afriforum-300x55.png 300w, https:\/\/beweging.co.za\/wp-content\/uploads\/2023\/12\/Afriforum-1024x187.png 1024w, https:\/\/beweging.co.za\/wp-content\/uploads\/2023\/12\/Afriforum-768x140.png 768w, https:\/\/beweging.co.za\/wp-content\/uploads\/2023\/12\/Afriforum-1536x280.png 1536w\" sizes=\"(max-width: 1920px) 100vw, 1920px\" \/>\t\t\t\t\t\t\t\t\t\t\t\t\t\t\t<\/div>\n\t\t\t\t<\/div>\n\t\t\t\t\t<\/div>\n\t\t<\/div>\n\t\t\t\t\t<\/div>\n\t\t<\/section>\n\t\t\t\t<section data-particle_enable=\"false\" data-particle-mobile-disabled=\"false\" class=\"elementor-section elementor-top-section elementor-element elementor-element-330b02f elementor-section-boxed elementor-section-height-default elementor-section-height-default\" data-id=\"330b02f\" data-element_type=\"section\">\n\t\t\t\t\t\t<div class=\"elementor-container elementor-column-gap-default\">\n\t\t\t\t\t<div class=\"elementor-column elementor-col-100 elementor-top-column elementor-element elementor-element-62fc3b4\" data-id=\"62fc3b4\" data-element_type=\"column\">\n\t\t\t<div class=\"elementor-widget-wrap elementor-element-populated\">\n\t\t\t\t\t\t<div class=\"elementor-element elementor-element-3bf3ee9 elementor-hidden-desktop elementor-hidden-tablet elementor-widget elementor-widget-image\" data-id=\"3bf3ee9\" data-element_type=\"widget\" data-widget_type=\"image.default\">\n\t\t\t\t<div class=\"elementor-widget-container\">\n\t\t\t\t\t\t\t\t\t\t\t\t\t\t\t<img decoding=\"async\" width=\"640\" height=\"500\" src=\"https:\/\/beweging.co.za\/wp-content\/uploads\/2023\/12\/Afriforum-mobile.png\" class=\"attachment-large size-large wp-image-4546\" alt=\"\" srcset=\"https:\/\/beweging.co.za\/wp-content\/uploads\/2023\/12\/Afriforum-mobile.png 640w, https:\/\/beweging.co.za\/wp-content\/uploads\/2023\/12\/Afriforum-mobile-300x234.png 300w\" sizes=\"(max-width: 640px) 100vw, 640px\" \/>\t\t\t\t\t\t\t\t\t\t\t\t\t\t\t<\/div>\n\t\t\t\t<\/div>\n\t\t\t\t\t<\/div>\n\t\t<\/div>\n\t\t\t\t\t<\/div>\n\t\t<\/section>\n\t\t\t\t<section data-particle_enable=\"false\" data-particle-mobile-disabled=\"false\" class=\"elementor-section elementor-top-section elementor-element elementor-element-f29f4d8 elementor-section-boxed elementor-section-height-default elementor-section-height-default\" data-id=\"f29f4d8\" data-element_type=\"section\">\n\t\t\t\t\t\t<div class=\"elementor-container elementor-column-gap-default\">\n\t\t\t\t\t<div class=\"elementor-column elementor-col-100 elementor-top-column elementor-element elementor-element-9e50c64\" data-id=\"9e50c64\" data-element_type=\"column\">\n\t\t\t<div class=\"elementor-widget-wrap elementor-element-populated\">\n\t\t\t\t\t\t<div class=\"elementor-element elementor-element-52ff941 elementor-widget elementor-widget-spacer\" data-id=\"52ff941\" data-element_type=\"widget\" data-widget_type=\"spacer.default\">\n\t\t\t\t<div class=\"elementor-widget-container\">\n\t\t\t\t\t\t\t<div class=\"elementor-spacer\">\n\t\t\t<div class=\"elementor-spacer-inner\"><\/div>\n\t\t<\/div>\n\t\t\t\t\t\t<\/div>\n\t\t\t\t<\/div>\n\t\t\t\t<div class=\"elementor-element elementor-element-975808a elementor-widget elementor-widget-heading\" data-id=\"975808a\" data-element_type=\"widget\" data-widget_type=\"heading.default\">\n\t\t\t\t<div class=\"elementor-widget-container\">\n\t\t\t\t\t<h2 class=\"elementor-heading-title elementor-size-default\">Meer oor AfriForum:<\/h2>\t\t\t\t<\/div>\n\t\t\t\t<\/div>\n\t\t\t\t<div class=\"elementor-element elementor-element-fa255ab elementor-widget elementor-widget-text-editor\" data-id=\"fa255ab\" data-element_type=\"widget\" data-widget_type=\"text-editor.default\">\n\t\t\t\t<div class=\"elementor-widget-container\">\n\t\t\t\t\t\t\t\t\tAfriForum is \u0149 burgerregteorganisasie sonder winsoogmerk wat op 26 Maart 2006 tot stand gekom het. Di\u00e9 organisasie is gestig om Afrikaners buite die partypolitiek tot deelname aan die openbare debat en aksies op te roep. AfriForum is nie \u0149 gewone organisasie nie; dit is \u0149 voertuig om vir ons en ons nageslag \u0149 beter toekoms te skep deur AfriForum se driebeensuksesresep vir hoop uit te voer. Die driebeensuksesresep is roeping, uitvoerende vermo\u00eb en ons veg-en-bou-plan.\t\t\t\t\t\t\t\t<\/div>\n\t\t\t\t<\/div>\n\t\t\t\t<div class=\"elementor-element elementor-element-34de0ce elementor-widget elementor-widget-spacer\" data-id=\"34de0ce\" data-element_type=\"widget\" data-widget_type=\"spacer.default\">\n\t\t\t\t<div class=\"elementor-widget-container\">\n\t\t\t\t\t\t\t<div class=\"elementor-spacer\">\n\t\t\t<div class=\"elementor-spacer-inner\"><\/div>\n\t\t<\/div>\n\t\t\t\t\t\t<\/div>\n\t\t\t\t<\/div>\n\t\t\t\t<div class=\"elementor-element elementor-element-8f9b44b elementor-widget elementor-widget-video\" data-id=\"8f9b44b\" data-element_type=\"widget\" data-settings=\"{&quot;youtube_url&quot;:&quot;https:\\\/\\\/www.youtube.com\\\/watch?v=CGTYQ6oAu_A&quot;,&quot;video_type&quot;:&quot;youtube&quot;,&quot;controls&quot;:&quot;yes&quot;}\" data-widget_type=\"video.default\">\n\t\t\t\t<div class=\"elementor-widget-container\">\n\t\t\t\t\t\t\t<div class=\"elementor-wrapper elementor-open-inline\">\n\t\t\t<div class=\"elementor-video\"><\/div>\t\t<\/div>\n\t\t\t\t\t\t<\/div>\n\t\t\t\t<\/div>\n\t\t\t\t\t<\/div>\n\t\t<\/div>\n\t\t\t\t\t<\/div>\n\t\t<\/section>\n\t\t\t\t<section data-particle_enable=\"false\" data-particle-mobile-disabled=\"false\" class=\"elementor-section elementor-top-section elementor-element elementor-element-447da89 elementor-section-boxed elementor-section-height-default elementor-section-height-default\" data-id=\"447da89\" data-element_type=\"section\">\n\t\t\t\t\t\t<div class=\"elementor-container elementor-column-gap-default\">\n\t\t\t\t\t<div class=\"elementor-column elementor-col-100 elementor-top-column elementor-element elementor-element-7ee9a07\" data-id=\"7ee9a07\" data-element_type=\"column\">\n\t\t\t<div class=\"elementor-widget-wrap elementor-element-populated\">\n\t\t\t\t\t\t<div class=\"elementor-element elementor-element-64822f7 elementor-widget elementor-widget-spacer\" data-id=\"64822f7\" data-element_type=\"widget\" data-widget_type=\"spacer.default\">\n\t\t\t\t<div class=\"elementor-widget-container\">\n\t\t\t\t\t\t\t<div class=\"elementor-spacer\">\n\t\t\t<div class=\"elementor-spacer-inner\"><\/div>\n\t\t<\/div>\n\t\t\t\t\t\t<\/div>\n\t\t\t\t<\/div>\n\t\t\t\t<section data-particle_enable=\"false\" data-particle-mobile-disabled=\"false\" class=\"elementor-section elementor-inner-section elementor-element elementor-element-535837f elementor-section-boxed elementor-section-height-default elementor-section-height-default\" data-id=\"535837f\" data-element_type=\"section\">\n\t\t\t\t\t\t<div class=\"elementor-container elementor-column-gap-default\">\n\t\t\t\t\t<div class=\"elementor-column elementor-col-33 elementor-inner-column elementor-element elementor-element-164aff2\" data-id=\"164aff2\" data-element_type=\"column\">\n\t\t\t<div class=\"elementor-widget-wrap elementor-element-populated\">\n\t\t\t\t\t\t<div class=\"elementor-element elementor-element-9f6c89f elementor-widget elementor-widget-eael-counter\" data-id=\"9f6c89f\" data-element_type=\"widget\" data-widget_type=\"eael-counter.default\">\n\t\t\t\t<div class=\"elementor-widget-container\">\n\t\t\t\t\t        <div class=\"eael-counter-container\">\n            <div class=\"eael-counter eael-counter-9f6c89f eael-counter-layout-1\" data-target=\".eael-counter-number-9f6c89f\">\n                                                    \n                    <div class=\"eael-counter-number-title-wrap\">\n                        <div class=\"eael-counter-number-wrap\">\n                                                        <div class=\"eael-counter-number eael-counter-number-9f6c89f\" data-to=\"164\" data-speed=\"1500\">\n                                0\n                            <\/div>\n                                                    <\/div>\n\n                        \n                        <div class=\"eael-counter-title\">Aktiewe takke<\/div>                    <\/div>\n                            <\/div>\n        <\/div><!-- .eael-counter-container -->\n        \t\t\t\t<\/div>\n\t\t\t\t<\/div>\n\t\t\t\t\t<\/div>\n\t\t<\/div>\n\t\t\t\t<div class=\"elementor-column elementor-col-33 elementor-inner-column elementor-element elementor-element-c94479e\" data-id=\"c94479e\" data-element_type=\"column\">\n\t\t\t<div class=\"elementor-widget-wrap elementor-element-populated\">\n\t\t\t\t\t\t<div class=\"elementor-element elementor-element-980d8a3 elementor-widget elementor-widget-eael-counter\" data-id=\"980d8a3\" data-element_type=\"widget\" data-widget_type=\"eael-counter.default\">\n\t\t\t\t<div class=\"elementor-widget-container\">\n\t\t\t\t\t        <div class=\"eael-counter-container\">\n            <div class=\"eael-counter eael-counter-980d8a3 eael-counter-layout-1\" data-target=\".eael-counter-number-980d8a3\">\n                                                    \n                    <div class=\"eael-counter-number-title-wrap\">\n                        <div class=\"eael-counter-number-wrap\">\n                                                        <div class=\"eael-counter-number eael-counter-number-980d8a3\" data-to=\"169\" data-speed=\"1500\">\n                                0\n                            <\/div>\n                                                    <\/div>\n\n                        \n                        <div class=\"eael-counter-title\">Buurtwagte<\/div>                    <\/div>\n                            <\/div>\n        <\/div><!-- .eael-counter-container -->\n        \t\t\t\t<\/div>\n\t\t\t\t<\/div>\n\t\t\t\t\t<\/div>\n\t\t<\/div>\n\t\t\t\t<div class=\"elementor-column elementor-col-33 elementor-inner-column elementor-element elementor-element-abcf5c0\" data-id=\"abcf5c0\" data-element_type=\"column\">\n\t\t\t<div class=\"elementor-widget-wrap elementor-element-populated\">\n\t\t\t\t\t\t<div class=\"elementor-element elementor-element-3f99bd9 elementor-widget elementor-widget-eael-counter\" data-id=\"3f99bd9\" data-element_type=\"widget\" data-widget_type=\"eael-counter.default\">\n\t\t\t\t<div class=\"elementor-widget-container\">\n\t\t\t\t\t        <div class=\"eael-counter-container\">\n            <div class=\"eael-counter eael-counter-3f99bd9 eael-counter-layout-1\" data-target=\".eael-counter-number-3f99bd9\">\n                                                    \n                    <div class=\"eael-counter-number-title-wrap\">\n                        <div class=\"eael-counter-number-wrap\">\n                                                        <div class=\"eael-counter-number eael-counter-number-3f99bd9\" data-to=\"315000\" data-speed=\"1500\">\n                                0\n                            <\/div>\n                            <span class=\"eael-counter-number-suffix\">+<\/span>                        <\/div>\n\n                        \n                        <div class=\"eael-counter-title\">Lede<\/div>                    <\/div>\n                            <\/div>\n        <\/div><!-- .eael-counter-container -->\n        \t\t\t\t<\/div>\n\t\t\t\t<\/div>\n\t\t\t\t\t<\/div>\n\t\t<\/div>\n\t\t\t\t\t<\/div>\n\t\t<\/section>\n\t\t\t\t\t<\/div>\n\t\t<\/div>\n\t\t\t\t\t<\/div>\n\t\t<\/section>\n\t\t\t\t<section data-particle_enable=\"false\" data-particle-mobile-disabled=\"false\" class=\"elementor-section elementor-top-section elementor-element elementor-element-4f3c208 elementor-section-boxed elementor-section-height-default elementor-section-height-default\" data-id=\"4f3c208\" data-element_type=\"section\">\n\t\t\t\t\t\t<div class=\"elementor-container elementor-column-gap-default\">\n\t\t\t\t\t<div class=\"elementor-column elementor-col-100 elementor-top-column elementor-element elementor-element-71415d0\" data-id=\"71415d0\" data-element_type=\"column\">\n\t\t\t<div class=\"elementor-widget-wrap elementor-element-populated\">\n\t\t\t\t\t\t<div class=\"elementor-element elementor-element-3c8bb28 elementor-widget elementor-widget-spacer\" data-id=\"3c8bb28\" data-element_type=\"widget\" data-widget_type=\"spacer.default\">\n\t\t\t\t<div class=\"elementor-widget-container\">\n\t\t\t\t\t\t\t<div class=\"elementor-spacer\">\n\t\t\t<div class=\"elementor-spacer-inner\"><\/div>\n\t\t<\/div>\n\t\t\t\t\t\t<\/div>\n\t\t\t\t<\/div>\n\t\t\t\t<div class=\"elementor-element elementor-element-55e2c37 elementor-widget elementor-widget-heading\" data-id=\"55e2c37\" data-element_type=\"widget\" data-widget_type=\"heading.default\">\n\t\t\t\t<div class=\"elementor-widget-container\">\n\t\t\t\t\t<h2 class=\"elementor-heading-title elementor-size-default\">Van AfriForum se grootste projekte sluit in:<\/h2>\t\t\t\t<\/div>\n\t\t\t\t<\/div>\n\t\t\t\t<div class=\"elementor-element elementor-element-637296a elementor-icon-list--layout-traditional elementor-list-item-link-full_width elementor-widget elementor-widget-icon-list\" data-id=\"637296a\" data-element_type=\"widget\" data-widget_type=\"icon-list.default\">\n\t\t\t\t<div class=\"elementor-widget-container\">\n\t\t\t\t\t\t\t<ul class=\"elementor-icon-list-items\">\n\t\t\t\t\t\t\t<li class=\"elementor-icon-list-item\">\n\t\t\t\t\t\t\t\t\t\t\t<a href=\"https:\/\/friendsofafriforum.com\/af\/beveilig-n-plaas\/\">\n\n\t\t\t\t\t\t\t\t\t\t\t\t<span class=\"elementor-icon-list-icon\">\n\t\t\t\t\t\t\t<i aria-hidden=\"true\" class=\"fas fa-link\"><\/i>\t\t\t\t\t\t<\/span>\n\t\t\t\t\t\t\t\t\t\t<span class=\"elementor-icon-list-text\">Beveilig \u0149 plaas<\/span>\n\t\t\t\t\t\t\t\t\t\t\t<\/a>\n\t\t\t\t\t\t\t\t\t<\/li>\n\t\t\t\t\t\t\t\t<li class=\"elementor-icon-list-item\">\n\t\t\t\t\t\t\t\t\t\t\t<a href=\"https:\/\/friendsofafriforum.com\/af\/\">\n\n\t\t\t\t\t\t\t\t\t\t\t\t<span class=\"elementor-icon-list-icon\">\n\t\t\t\t\t\t\t<i aria-hidden=\"true\" class=\"fas fa-link\"><\/i>\t\t\t\t\t\t<\/span>\n\t\t\t\t\t\t\t\t\t\t<span class=\"elementor-icon-list-text\">Vriende van AfriForum<\/span>\n\t\t\t\t\t\t\t\t\t\t\t<\/a>\n\t\t\t\t\t\t\t\t\t<\/li>\n\t\t\t\t\t\t\t\t<li class=\"elementor-icon-list-item\">\n\t\t\t\t\t\t\t\t\t\t\t<a href=\"https:\/\/www.wereldwyd.co.za\/en\/\">\n\n\t\t\t\t\t\t\t\t\t\t\t\t<span class=\"elementor-icon-list-icon\">\n\t\t\t\t\t\t\t<i aria-hidden=\"true\" class=\"fas fa-link\"><\/i>\t\t\t\t\t\t<\/span>\n\t\t\t\t\t\t\t\t\t\t<span class=\"elementor-icon-list-text\">AfriForum W\u00eareldwyd is di\u00e9 tuiskomplek vir ons mense in die buiteland. Dit is \u0149 omvattende platform waar die diaspora oor grense heen saam kan kuier en ook in kontak met hulle geboorteland kan bly.<\/span>\n\t\t\t\t\t\t\t\t\t\t\t<\/a>\n\t\t\t\t\t\t\t\t\t<\/li>\n\t\t\t\t\t\t<\/ul>\n\t\t\t\t\t\t<\/div>\n\t\t\t\t<\/div>\n\t\t\t\t\t<\/div>\n\t\t<\/div>\n\t\t\t\t\t<\/div>\n\t\t<\/section>\n\t\t\t\t<section data-particle_enable=\"false\" data-particle-mobile-disabled=\"false\" class=\"elementor-section elementor-top-section elementor-element elementor-element-7988da7 elementor-section-boxed elementor-section-height-default elementor-section-height-default\" data-id=\"7988da7\" data-element_type=\"section\">\n\t\t\t\t\t\t<div class=\"elementor-container elementor-column-gap-default\">\n\t\t\t\t\t<div class=\"elementor-column elementor-col-100 elementor-top-column elementor-element elementor-element-f867af5\" data-id=\"f867af5\" data-element_type=\"column\">\n\t\t\t<div class=\"elementor-widget-wrap elementor-element-populated\">\n\t\t\t\t\t\t<section data-particle_enable=\"false\" data-particle-mobile-disabled=\"false\" class=\"elementor-section elementor-inner-section elementor-element elementor-element-0f4c8f4 elementor-section-boxed elementor-section-height-default elementor-section-height-default\" data-id=\"0f4c8f4\" data-element_type=\"section\">\n\t\t\t\t\t\t<div class=\"elementor-container elementor-column-gap-default\">\n\t\t\t\t\t<div class=\"elementor-column elementor-col-33 elementor-inner-column elementor-element elementor-element-7d948ad\" data-id=\"7d948ad\" data-element_type=\"column\">\n\t\t\t<div class=\"elementor-widget-wrap\">\n\t\t\t\t\t\t\t<\/div>\n\t\t<\/div>\n\t\t\t\t<div class=\"elementor-column elementor-col-33 elementor-inner-column elementor-element elementor-element-ae54f09\" data-id=\"ae54f09\" data-element_type=\"column\">\n\t\t\t<div class=\"elementor-widget-wrap elementor-element-populated\">\n\t\t\t\t\t\t<div class=\"elementor-element elementor-element-052fda4 elementor-align-center elementor-widget elementor-widget-button\" data-id=\"052fda4\" data-element_type=\"widget\" data-widget_type=\"button.default\">\n\t\t\t\t<div class=\"elementor-widget-container\">\n\t\t\t\t\t\t\t\t\t<div class=\"elementor-button-wrapper\">\n\t\t\t\t\t<a class=\"elementor-button elementor-button-link elementor-size-sm\" href=\"https:\/\/afriforum.co.za\" target=\"_blank\">\n\t\t\t\t\t\t<span class=\"elementor-button-content-wrapper\">\n\t\t\t\t\t\t\t\t\t<span class=\"elementor-button-text\">Vir meer inligting besoek gerus AfriForum<\/span>\n\t\t\t\t\t<\/span>\n\t\t\t\t\t<\/a>\n\t\t\t\t<\/div>\n\t\t\t\t\t\t\t\t<\/div>\n\t\t\t\t<\/div>\n\t\t\t\t\t<\/div>\n\t\t<\/div>\n\t\t\t\t<div class=\"elementor-column elementor-col-33 elementor-inner-column elementor-element elementor-element-bb23659\" data-id=\"bb23659\" data-element_type=\"column\">\n\t\t\t<div class=\"elementor-widget-wrap\">\n\t\t\t\t\t\t\t<\/div>\n\t\t<\/div>\n\t\t\t\t\t<\/div>\n\t\t<\/section>\n\t\t\t\t\t<\/div>\n\t\t<\/div>\n\t\t\t\t\t<\/div>\n\t\t<\/section>\n\t\t\t\t<\/div>\n\t\t","protected":false},"excerpt":{"rendered":"<p>Meer oor AfriForum: AfriForum is \u0149 burgerregteorganisasie sonder winsoogmerk wat op 26 Maart 2006 tot stand gekom het. Di\u00e9 organisasie is gestig om Afrikaners buite die partypolitiek tot deelname aan die openbare debat en aksies op te roep. AfriForum is nie \u0149 gewone organisasie nie; dit is \u0149 voertuig om vir ons en ons nageslag [&hellip;]<\/p>\n","protected":false},"author":6,"featured_media":0,"parent":0,"menu_order":0,"comment_status":"closed","ping_status":"closed","template":"elementor_header_footer","meta":{"_monsterinsights_skip_tracking":false,"_monsterinsights_sitenote_active":false,"_monsterinsights_sitenote_note":"","_monsterinsights_sitenote_category":0,"footnotes":""},"class_list":["post-4608","page","type-page","status-publish","hentry"],"yoast_head":"<!-- This site is optimized with the Yoast SEO plugin v26.8 - https:\/\/yoast.com\/product\/yoast-seo-wordpress\/ -->\n<title>AfriForum - Solidariteit Beweging<\/title>\n<meta name=\"robots\" content=\"index, follow, max-snippet:-1, max-image-preview:large, max-video-preview:-1\" \/>\n<link rel=\"canonical\" href=\"https:\/\/beweging.co.za\/afriforum\/\" \/>\n<meta property=\"og:locale\" content=\"en_US\" \/>\n<meta property=\"og:type\" content=\"article\" \/>\n<meta property=\"og:title\" content=\"AfriForum - Solidariteit Beweging\" \/>\n<meta property=\"og:description\" content=\"Meer oor AfriForum: AfriForum is \u0149 burgerregteorganisasie sonder winsoogmerk wat op 26 Maart 2006 tot stand gekom het. Di\u00e9 organisasie is gestig om Afrikaners buite die partypolitiek tot deelname aan die openbare debat en aksies op te roep. AfriForum is nie \u0149 gewone organisasie nie; dit is \u0149 voertuig om vir ons en ons nageslag [&hellip;]\" \/>\n<meta property=\"og:url\" content=\"https:\/\/beweging.co.za\/afriforum\/\" \/>\n<meta property=\"og:site_name\" content=\"Solidariteit Beweging\" \/>\n<meta property=\"article:modified_time\" content=\"2023-12-11T05:17:09+00:00\" \/>\n<meta property=\"og:image\" content=\"https:\/\/beweging.co.za\/wp-content\/uploads\/2023\/12\/Afriforum.png\" \/>\n<meta name=\"twitter:card\" content=\"summary_large_image\" \/>\n<meta name=\"twitter:label1\" content=\"Est. reading time\" \/>\n\t<meta name=\"twitter:data1\" content=\"8 minutes\" \/>\n<script type=\"application\/ld+json\" class=\"yoast-schema-graph\">{\"@context\":\"https:\/\/schema.org\",\"@graph\":[{\"@type\":\"WebPage\",\"@id\":\"https:\/\/beweging.co.za\/afriforum\/\",\"url\":\"https:\/\/beweging.co.za\/afriforum\/\",\"name\":\"AfriForum - Solidariteit Beweging\",\"isPartOf\":{\"@id\":\"https:\/\/beweging.co.za\/#website\"},\"primaryImageOfPage\":{\"@id\":\"https:\/\/beweging.co.za\/afriforum\/#primaryimage\"},\"image\":{\"@id\":\"https:\/\/beweging.co.za\/afriforum\/#primaryimage\"},\"thumbnailUrl\":\"https:\/\/beweging.co.za\/wp-content\/uploads\/2023\/12\/Afriforum.png\",\"datePublished\":\"2023-12-08T10:01:12+00:00\",\"dateModified\":\"2023-12-11T05:17:09+00:00\",\"breadcrumb\":{\"@id\":\"https:\/\/beweging.co.za\/afriforum\/#breadcrumb\"},\"inLanguage\":\"en-US\",\"potentialAction\":[{\"@type\":\"ReadAction\",\"target\":[\"https:\/\/beweging.co.za\/afriforum\/\"]}]},{\"@type\":\"ImageObject\",\"inLanguage\":\"en-US\",\"@id\":\"https:\/\/beweging.co.za\/afriforum\/#primaryimage\",\"url\":\"https:\/\/beweging.co.za\/wp-content\/uploads\/2023\/12\/Afriforum.png\",\"contentUrl\":\"https:\/\/beweging.co.za\/wp-content\/uploads\/2023\/12\/Afriforum.png\"},{\"@type\":\"BreadcrumbList\",\"@id\":\"https:\/\/beweging.co.za\/afriforum\/#breadcrumb\",\"itemListElement\":[{\"@type\":\"ListItem\",\"position\":1,\"name\":\"Home\",\"item\":\"https:\/\/beweging.co.za\/en\/\"},{\"@type\":\"ListItem\",\"position\":2,\"name\":\"AfriForum\"}]},{\"@type\":\"WebSite\",\"@id\":\"https:\/\/beweging.co.za\/#website\",\"url\":\"https:\/\/beweging.co.za\/\",\"name\":\"Solidariteit Beweging\",\"description\":\"\",\"potentialAction\":[{\"@type\":\"SearchAction\",\"target\":{\"@type\":\"EntryPoint\",\"urlTemplate\":\"https:\/\/beweging.co.za\/?s={search_term_string}\"},\"query-input\":{\"@type\":\"PropertyValueSpecification\",\"valueRequired\":true,\"valueName\":\"search_term_string\"}}],\"inLanguage\":\"en-US\"}]}<\/script>\n<!-- \/ Yoast SEO plugin. -->","yoast_head_json":{"title":"AfriForum - Solidariteit Beweging","robots":{"index":"index","follow":"follow","max-snippet":"max-snippet:-1","max-image-preview":"max-image-preview:large","max-video-preview":"max-video-preview:-1"},"canonical":"https:\/\/beweging.co.za\/afriforum\/","og_locale":"en_US","og_type":"article","og_title":"AfriForum - Solidariteit Beweging","og_description":"Meer oor AfriForum: AfriForum is \u0149 burgerregteorganisasie sonder winsoogmerk wat op 26 Maart 2006 tot stand gekom het. Di\u00e9 organisasie is gestig om Afrikaners buite die partypolitiek tot deelname aan die openbare debat en aksies op te roep. AfriForum is nie \u0149 gewone organisasie nie; dit is \u0149 voertuig om vir ons en ons nageslag [&hellip;]","og_url":"https:\/\/beweging.co.za\/afriforum\/","og_site_name":"Solidariteit Beweging","article_modified_time":"2023-12-11T05:17:09+00:00","og_image":[{"url":"https:\/\/beweging.co.za\/wp-content\/uploads\/2023\/12\/Afriforum.png","type":"","width":"","height":""}],"twitter_card":"summary_large_image","twitter_misc":{"Est. reading time":"8 minutes"},"schema":{"@context":"https:\/\/schema.org","@graph":[{"@type":"WebPage","@id":"https:\/\/beweging.co.za\/afriforum\/","url":"https:\/\/beweging.co.za\/afriforum\/","name":"AfriForum - Solidariteit Beweging","isPartOf":{"@id":"https:\/\/beweging.co.za\/#website"},"primaryImageOfPage":{"@id":"https:\/\/beweging.co.za\/afriforum\/#primaryimage"},"image":{"@id":"https:\/\/beweging.co.za\/afriforum\/#primaryimage"},"thumbnailUrl":"https:\/\/beweging.co.za\/wp-content\/uploads\/2023\/12\/Afriforum.png","datePublished":"2023-12-08T10:01:12+00:00","dateModified":"2023-12-11T05:17:09+00:00","breadcrumb":{"@id":"https:\/\/beweging.co.za\/afriforum\/#breadcrumb"},"inLanguage":"en-US","potentialAction":[{"@type":"ReadAction","target":["https:\/\/beweging.co.za\/afriforum\/"]}]},{"@type":"ImageObject","inLanguage":"en-US","@id":"https:\/\/beweging.co.za\/afriforum\/#primaryimage","url":"https:\/\/beweging.co.za\/wp-content\/uploads\/2023\/12\/Afriforum.png","contentUrl":"https:\/\/beweging.co.za\/wp-content\/uploads\/2023\/12\/Afriforum.png"},{"@type":"BreadcrumbList","@id":"https:\/\/beweging.co.za\/afriforum\/#breadcrumb","itemListElement":[{"@type":"ListItem","position":1,"name":"Home","item":"https:\/\/beweging.co.za\/en\/"},{"@type":"ListItem","position":2,"name":"AfriForum"}]},{"@type":"WebSite","@id":"https:\/\/beweging.co.za\/#website","url":"https:\/\/beweging.co.za\/","name":"Solidariteit Beweging","description":"","potentialAction":[{"@type":"SearchAction","target":{"@type":"EntryPoint","urlTemplate":"https:\/\/beweging.co.za\/?s={search_term_string}"},"query-input":{"@type":"PropertyValueSpecification","valueRequired":true,"valueName":"search_term_string"}}],"inLanguage":"en-US"}]}},"_links":{"self":[{"href":"https:\/\/beweging.co.za\/en\/wp-json\/wp\/v2\/pages\/4608","targetHints":{"allow":["GET"]}}],"collection":[{"href":"https:\/\/beweging.co.za\/en\/wp-json\/wp\/v2\/pages"}],"about":[{"href":"https:\/\/beweging.co.za\/en\/wp-json\/wp\/v2\/types\/page"}],"author":[{"embeddable":true,"href":"https:\/\/beweging.co.za\/en\/wp-json\/wp\/v2\/users\/6"}],"replies":[{"embeddable":true,"href":"https:\/\/beweging.co.za\/en\/wp-json\/wp\/v2\/comments?post=4608"}],"version-history":[{"count":9,"href":"https:\/\/beweging.co.za\/en\/wp-json\/wp\/v2\/pages\/4608\/revisions"}],"predecessor-version":[{"id":4641,"href":"https:\/\/beweging.co.za\/en\/wp-json\/wp\/v2\/pages\/4608\/revisions\/4641"}],"wp:attachment":[{"href":"https:\/\/beweging.co.za\/en\/wp-json\/wp\/v2\/media?parent=4608"}],"curies":[{"name":"wp","href":"https:\/\/api.w.org\/{rel}","templated":true}]}}